{"id":28,"date":"2024-06-19T06:51:49","date_gmt":"2024-06-19T06:51:49","guid":{"rendered":"https:\/\/ecscj.com\/?page_id=28"},"modified":"2024-08-22T19:52:23","modified_gmt":"2024-08-22T19:52:23","slug":"service-psychologique","status":"publish","type":"page","link":"https:\/\/ecscj.com\/fr\/service-psychologique\/","title":{"rendered":"Service Psychologique"},"content":{"rendered":"<div class=\"vc_row wpb_row vc_row-fluid\"><div class=\"wpb_column vc_column_container vc_col-sm-3\"><div class=\"vc_column-inner\"><div class=\"wpb_wrapper\">\n\t<div  class=\"wpb_single_image wpb_content_element vc_align_left\">\n\t\t\n\t\t<figure class=\"wpb_wrapper vc_figure\">\n\t\t\t<div class=\"vc_single_image-wrapper   vc_box_border_grey\"><img decoding=\"async\" class=\"vc_img-placeholder vc_single_image-img\" src=\"https:\/\/ecscj.com\/wp-content\/plugins\/js_composer\/assets\/vc\/no_image.png\" \/><\/div>\n\t\t<\/figure>\n\t<\/div>\n<\/div><\/div><\/div><div class=\"wpb_column vc_column_container vc_col-sm-9\"><div class=\"vc_column-inner\"><div class=\"wpb_wrapper\"><div  class=\"vc_toggle vc_toggle_default vc_toggle_color_default  vc_toggle_size_md\"><div class=\"vc_toggle_title\"><h4>Service Psychologique<\/h4><i class=\"vc_toggle_icon\"><\/i><\/div><div class=\"vc_toggle_content\"><p>Au Coll\u00e8ge Saint Charbel Jieh, le d\u00e9partement de psychologie offre un support aux \u00e9l\u00e8ves pour pr\u00e9venir les inadaptations scolaires \u00e0 travers des interventions selon le besoin des \u00e9l\u00e8ves:<\/p>\n<\/div><\/div><\/div><\/div><\/div><\/div><div class=\"vc_row wpb_row vc_row-fluid\"><div class=\"wpb_column vc_column_container vc_col-sm-3\"><div class=\"vc_column-inner\"><div class=\"wpb_wrapper\">\n\t<div  class=\"wpb_single_image wpb_content_element vc_align_left\">\n\t\t\n\t\t<figure class=\"wpb_wrapper vc_figure\">\n\t\t\t<div class=\"vc_single_image-wrapper   vc_box_border_grey\"><img decoding=\"async\" class=\"vc_img-placeholder vc_single_image-img\" src=\"https:\/\/ecscj.com\/wp-content\/plugins\/js_composer\/assets\/vc\/no_image.png\" \/><\/div>\n\t\t<\/figure>\n\t<\/div>\n<\/div><\/div><\/div><div class=\"wpb_column vc_column_container vc_col-sm-9\"><div class=\"vc_column-inner\"><div class=\"wpb_wrapper\"><div  class=\"vc_toggle vc_toggle_default vc_toggle_color_default  vc_toggle_size_md\"><div class=\"vc_toggle_title\"><h4>Service Psychologique<\/h4><i class=\"vc_toggle_icon\"><\/i><\/div><div class=\"vc_toggle_content\"><p>Le r\u00f4le du psychologue au ESCJ<\/p>\n<p>1)Aupr\u00e8s des \u00e9l\u00e8ves, le r\u00f4le du psychologue consiste \u00e0 :<\/p>\n<ul>\n<li>Observer l\u2019\u00e9l\u00e8ve dans toutes les situations scolaires suite aux informations donn\u00e9es par les professeurs, les surveillants et les responsables de l\u2019\u00e9l\u00e8ve.<\/li>\n<li>Rencontrer l\u2019\u00e9l\u00e8ve pour administrer les \u00e9preuves psychom\u00e9triques.<\/li>\n<li>Etablir les contrats d\u2019am\u00e9lioration des conduites scolaires.<\/li>\n<li>Encourager les \u00e9l\u00e8ves \u00e0 faible estime.<\/li>\n<\/ul>\n<p>2)Aupr\u00e8s des parents :<\/p>\n<ul>\n<li>Informer les parents des difficult\u00e9s de leur enfant.<\/li>\n<li>Demander l\u2019autorisation pour un travail avec leur enfant.<\/li>\n<li>Assurer une guidance parentale apr\u00e8s avoir une anamn\u00e8se.<\/li>\n<li>Encourager la coop\u00e9ration entre les parents et les enseignants.<\/li>\n<\/ul>\n<\/div><\/div><\/div><\/div><\/div><\/div><div class=\"vc_row wpb_row vc_row-fluid\"><div class=\"wpb_column vc_column_container vc_col-sm-3\"><div class=\"vc_column-inner\"><div class=\"wpb_wrapper\">\n\t<div  class=\"wpb_single_image wpb_content_element vc_align_left\">\n\t\t\n\t\t<figure class=\"wpb_wrapper vc_figure\">\n\t\t\t<div class=\"vc_single_image-wrapper   vc_box_border_grey\"><img decoding=\"async\" class=\"vc_img-placeholder vc_single_image-img\" src=\"https:\/\/ecscj.com\/wp-content\/plugins\/js_composer\/assets\/vc\/no_image.png\" \/><\/div>\n\t\t<\/figure>\n\t<\/div>\n<\/div><\/div><\/div><div class=\"wpb_column vc_column_container vc_col-sm-9\"><div class=\"vc_column-inner\"><div class=\"wpb_wrapper\"><div  class=\"vc_toggle vc_toggle_default vc_toggle_color_default  vc_toggle_size_md\"><div class=\"vc_toggle_title\"><h4>Service Psychologique<\/h4><i class=\"vc_toggle_icon\"><\/i><\/div><div class=\"vc_toggle_content\"><p>3) Aupr\u00e8s des enseignants :<\/p>\n<ul>\n<li>Informer les enseignants sur les difficult\u00e9s scolaires.<\/li>\n<li>Informer de la situation des \u00e9l\u00e8ves suivis et proposer des strat\u00e9gies d\u2019aide.<\/li>\n<li>Aider les enseignants \u00e0 avoir des strat\u00e9gies motivantes et stimulantes pour les \u00a0\u00e9l\u00e8ves.<\/li>\n<\/ul>\n<\/div><\/div><\/div><\/div><\/div><\/div><div class=\"vc_row wpb_row vc_row-fluid\"><div class=\"wpb_column vc_column_container vc_col-sm-3\"><div class=\"vc_column-inner\"><div class=\"wpb_wrapper\">\n\t<div  class=\"wpb_single_image wpb_content_element vc_align_left\">\n\t\t\n\t\t<figure class=\"wpb_wrapper vc_figure\">\n\t\t\t<div class=\"vc_single_image-wrapper   vc_box_border_grey\"><img decoding=\"async\" class=\"vc_img-placeholder vc_single_image-img\" src=\"https:\/\/ecscj.com\/wp-content\/plugins\/js_composer\/assets\/vc\/no_image.png\" \/><\/div>\n\t\t<\/figure>\n\t<\/div>\n<\/div><\/div><\/div><div class=\"wpb_column vc_column_container vc_col-sm-9\"><div class=\"vc_column-inner\"><div class=\"wpb_wrapper\"><div  class=\"vc_toggle vc_toggle_default vc_toggle_color_default  vc_toggle_size_md\"><div class=\"vc_toggle_title\"><h4>Service Psychologique<\/h4><i class=\"vc_toggle_icon\"><\/i><\/div><div class=\"vc_toggle_content\"><p>4) Aupr\u00e8s de l\u2019administration :<\/p>\n<ul>\n<li>Discuter de l\u2019ensemble des rep\u00e9rages des difficult\u00e9s individuelles et\/ou collectives \u00e0 titre de pr\u00e9vention.<\/li>\n<li>Entra\u00eener les professeurs pour identifier les \u00e9l\u00e8ves \u00e0 probl\u00e8me.<\/li>\n<li>Organiser des conf\u00e9rences pour \u00e9claircir certains sujets (ADHD, trouble d\u2019apprentissage,\u2026) qui pourraient aider les parents \u00e0 accompagner l\u2019enfant dans son d\u00e9veloppement social et scolaire.<\/li>\n<li>En cas de besoin, orienter chez des sp\u00e9cialistes (neuro-p\u00e9diatre, psychiatre, psychoth\u00e9rapeute, psychologue, orthophoniste, ergoth\u00e9rapeute, psychomotricienne).<\/li>\n<\/ul>\n<\/div><\/div><\/div><\/div><\/div><\/div>","protected":false},"excerpt":{"rendered":"Service PsychologiqueAu Coll\u00e8ge Saint Charbel Jieh, le d\u00e9partement de psychologie offre un support aux \u00e9l\u00e8ves pour pr\u00e9venir les inadaptations scolaires \u00e0 travers des interventions selon le besoin des \u00e9l\u00e8ves: Service [...]","protected":false},"author":1,"featured_media":0,"parent":0,"menu_order":0,"comment_status":"closed","ping_status":"closed","template":"","meta":{"footnotes":""},"class_list":["post-28","page","type-page","status-publish","hentry"],"_links":{"self":[{"href":"https:\/\/ecscj.com\/fr\/wp-json\/wp\/v2\/pages\/28","targetHints":{"allow":["GET"]}}],"collection":[{"href":"https:\/\/ecscj.com\/fr\/wp-json\/wp\/v2\/pages"}],"about":[{"href":"https:\/\/ecscj.com\/fr\/wp-json\/wp\/v2\/types\/page"}],"author":[{"embeddable":true,"href":"https:\/\/ecscj.com\/fr\/wp-json\/wp\/v2\/users\/1"}],"replies":[{"embeddable":true,"href":"https:\/\/ecscj.com\/fr\/wp-json\/wp\/v2\/comments?post=28"}],"version-history":[{"count":4,"href":"https:\/\/ecscj.com\/fr\/wp-json\/wp\/v2\/pages\/28\/revisions"}],"predecessor-version":[{"id":240,"href":"https:\/\/ecscj.com\/fr\/wp-json\/wp\/v2\/pages\/28\/revisions\/240"}],"wp:attachment":[{"href":"https:\/\/ecscj.com\/fr\/wp-json\/wp\/v2\/media?parent=28"}],"curies":[{"name":"wp","href":"https:\/\/api.w.org\/{rel}","templated":true}]}}