{"id":30,"date":"2024-06-19T06:52:08","date_gmt":"2024-06-19T06:52:08","guid":{"rendered":"https:\/\/ecscj.com\/?page_id=30"},"modified":"2024-08-11T16:31:37","modified_gmt":"2024-08-11T16:31:37","slug":"cdi","status":"publish","type":"page","link":"https:\/\/ecscj.com\/fr\/cdi\/","title":{"rendered":"CDI"},"content":{"rendered":"<div class=\"vc_row wpb_row vc_row-fluid\"><div class=\"wpb_column vc_column_container vc_col-sm-12\"><div class=\"vc_column-inner\"><div class=\"wpb_wrapper\"><h3 class=\"stm-title stm-font_color_dark-blue stm-title_sep_bottom\" style=\"text-align:center\">\n\nCENTRE DE DOCUMENTATION ET D&#039;INFORMATION\n<\/h3>\n<div class=\"vc_separator wpb_content_element vc_separator_align_center vc_sep_width_10 vc_sep_shadow vc_sep_pos_align_center vc_separator_no_text vc_sep_color_grey\" ><span class=\"vc_sep_holder vc_sep_holder_l\"><span  class=\"vc_sep_line\"><\/span><\/span><span class=\"vc_sep_holder vc_sep_holder_r\"><span  class=\"vc_sep_line\"><\/span><\/span>\n<\/div><\/div><\/div><\/div><\/div><div class=\"vc_row wpb_row vc_row-fluid\"><div class=\"wpb_column vc_column_container vc_col-sm-3\"><div class=\"vc_column-inner\"><div class=\"wpb_wrapper\">\n\t<div  class=\"wpb_single_image wpb_content_element vc_align_left\">\n\t\t\n\t\t<figure class=\"wpb_wrapper vc_figure\">\n\t\t\t<div class=\"vc_single_image-wrapper   vc_box_border_grey\"><img decoding=\"async\" class=\"vc_img-placeholder vc_single_image-img\" src=\"https:\/\/ecscj.com\/wp-content\/plugins\/js_composer\/assets\/vc\/no_image.png\" \/><\/div>\n\t\t<\/figure>\n\t<\/div>\n<\/div><\/div><\/div><div class=\"wpb_column vc_column_container vc_col-sm-9\"><div class=\"vc_column-inner\"><div class=\"wpb_wrapper\">\n\t<div class=\"wpb_text_column wpb_content_element\" >\n\t\t<div class=\"wpb_wrapper\">\n\t\t\t<p>Le CDI : Un espace culturel ouvert \u00e0 tous les cycles<\/p>\n<p>Le livre apporte cr\u00e9ativit\u00e9 et r\u00e9flexion, qualit\u00e9s essentielles pour r\u00e9ussir dans l&#8217;avenir.<br \/>\nAu dernier \u00e9tage du coll\u00e8ge, lieu serein pour travailler, le Centre de Documentation et d&#8217;Information, vaste salle lumineuse, est un lieu privil\u00e9gi\u00e9 de lecture, de recherche et d&#8217;\u00e9criture.<br \/>\nUn professeur documentaliste est pr\u00e9sent pour guider et aider les \u00e9l\u00e8ves \u00e0 manipuler les diff\u00e9rentes sources documentaires ou tout simplement, discuter avec eux des lectures qui leur plaisent.<br \/>\nRomans, revues, bandes dessin\u00e9es, livres documentaires ; il y en a pour tous les go\u00fbts. Un espace d\u2019orientation, r\u00e9guli\u00e8rement mis \u00e0 jour, est \u00e9galement \u00e0 la disposition des \u00e9l\u00e8ves.<\/p>\n\n\t\t<\/div>\n\t<\/div>\n<\/div><\/div><\/div><\/div><div class=\"vc_row wpb_row vc_row-fluid\"><div class=\"wpb_column vc_column_container vc_col-sm-8\"><div class=\"vc_column-inner\"><div class=\"wpb_wrapper\">\n\t<div class=\"wpb_text_column wpb_content_element\" >\n\t\t<div class=\"wpb_wrapper\">\n\t\t\t<p>Pour pouvoir emprunter, l\u2019\u00e9l\u00e8ve doit s\u2019inscrire aupr\u00e8s des documentalistes.<br \/>\nLes ouvrages de fiction peuvent \u00eatre pr\u00eat\u00e9s pour une dur\u00e9e maximale de 3 semaines.<br \/>\nLes ouvrages documentaires peuvent \u00eatre pr\u00eat\u00e9s pour une dur\u00e9e maximale de 15 jours.<br \/>\nLes BD, les manuels scolaires et les documents d\u2019orientation peuvent \u00eatre pr\u00eat\u00e9s pour une dur\u00e9e maximale d\u20191 semaine.<br \/>\nLes DVD ne sont pr\u00eat\u00e9s qu\u2019aux enseignants.<br \/>\nLe pr\u00eat se fait \u00e0 raison de 3 documents maximum par personne.<br \/>\nEn cas de retard dans la restitution des documents pr\u00eat\u00e9s, la p\u00e9nalit\u00e9 sera une r\u00e9duction du temps de pr\u00eat \u00e9quivalente au retard accumul\u00e9. Si le retard exc\u00e8de 15 jours, une lettre de rappel est envoy\u00e9e aux parents.<\/p>\n\n\t\t<\/div>\n\t<\/div>\n<\/div><\/div><\/div><div class=\"wpb_column vc_column_container vc_col-sm-4\"><div class=\"vc_column-inner\"><div class=\"wpb_wrapper\">\n\t<div  class=\"wpb_single_image wpb_content_element vc_align_left\">\n\t\t\n\t\t<figure class=\"wpb_wrapper vc_figure\">\n\t\t\t<div class=\"vc_single_image-wrapper   vc_box_border_grey\"><img decoding=\"async\" class=\"vc_img-placeholder vc_single_image-img\" src=\"https:\/\/ecscj.com\/wp-content\/plugins\/js_composer\/assets\/vc\/no_image.png\" \/><\/div>\n\t\t<\/figure>\n\t<\/div>\n<\/div><\/div><\/div><\/div><div class=\"vc_row wpb_row vc_row-fluid\"><div class=\"wpb_column vc_column_container vc_col-sm-3\"><div class=\"vc_column-inner\"><div class=\"wpb_wrapper\">\n\t<div  class=\"wpb_single_image wpb_content_element vc_align_left\">\n\t\t\n\t\t<figure class=\"wpb_wrapper vc_figure\">\n\t\t\t<div class=\"vc_single_image-wrapper   vc_box_border_grey\"><img decoding=\"async\" class=\"vc_img-placeholder vc_single_image-img\" src=\"https:\/\/ecscj.com\/wp-content\/plugins\/js_composer\/assets\/vc\/no_image.png\" \/><\/div>\n\t\t<\/figure>\n\t<\/div>\n<\/div><\/div><\/div><div class=\"wpb_column vc_column_container vc_col-sm-9\"><div class=\"vc_column-inner\"><div class=\"wpb_wrapper\">\n\t<div class=\"wpb_text_column wpb_content_element\" >\n\t\t<div class=\"wpb_wrapper\">\n\t\t\t<p>Depuis 2000, le CDI s&#8217;est dot\u00e9 de stations multim\u00e9dias. La proximit\u00e9 de la salle informatique permet aussi la r\u00e9alisation de nombreux travaux (expos\u00e9s, presse, d\u00e9fi-lecture&#8230;) en collaboration avec les enseignants qui appr\u00e9cient la convivialit\u00e9 des lieux.<br \/>\nLe CDI est ouvert toute la semaine. Les \u00e9l\u00e8ves peuvent s&#8217;y rendre aux diff\u00e9rentes r\u00e9cr\u00e9ations et \u00e0 certaines heures de permanence pour effectuer des recherches, choisir un livre ou bien lire en toute qui\u00e9tude.<br \/>\nLe C.D.I. en chiffres<br \/>\n8000 sources d&#8217;informations disponibles<br \/>\n3 ordinateurs \u00e0 disposition des \u00e9l\u00e8ves<\/p>\n\n\t\t<\/div>\n\t<\/div>\n<\/div><\/div><\/div><\/div><div class=\"vc_row wpb_row vc_row-fluid\"><div class=\"wpb_column vc_column_container vc_col-sm-8\"><div class=\"vc_column-inner\"><div class=\"wpb_wrapper\">\n\t<div class=\"wpb_text_column wpb_content_element\" >\n\t\t<div class=\"wpb_wrapper\">\n\t\t\t<p>Les horaires d\u2019ouverture du CDI :<br \/>\nDu lundi au vendredi de 8 h \u00e0 14 h 15.<\/p>\n\n\t\t<\/div>\n\t<\/div>\n<\/div><\/div><\/div><div class=\"wpb_column vc_column_container vc_col-sm-4\"><div class=\"vc_column-inner\"><div class=\"wpb_wrapper\">\n\t<div  class=\"wpb_single_image wpb_content_element vc_align_left\">\n\t\t\n\t\t<figure class=\"wpb_wrapper vc_figure\">\n\t\t\t<div class=\"vc_single_image-wrapper   vc_box_border_grey\"><img decoding=\"async\" class=\"vc_img-placeholder vc_single_image-img\" src=\"https:\/\/ecscj.com\/wp-content\/plugins\/js_composer\/assets\/vc\/no_image.png\" \/><\/div>\n\t\t<\/figure>\n\t<\/div>\n<\/div><\/div><\/div><\/div>","protected":false},"excerpt":{"rendered":"CENTRE DE DOCUMENTATION ET D&#039;INFORMATION Le CDI : Un espace culturel ouvert \u00e0 tous les cycles Le livre apporte cr\u00e9ativit\u00e9 et r\u00e9flexion, qualit\u00e9s essentielles pour r\u00e9ussir dans l'avenir. Au dernier [...]","protected":false},"author":1,"featured_media":0,"parent":0,"menu_order":0,"comment_status":"closed","ping_status":"closed","template":"","meta":{"footnotes":""},"class_list":["post-30","page","type-page","status-publish","hentry"],"_links":{"self":[{"href":"https:\/\/ecscj.com\/fr\/wp-json\/wp\/v2\/pages\/30","targetHints":{"allow":["GET"]}}],"collection":[{"href":"https:\/\/ecscj.com\/fr\/wp-json\/wp\/v2\/pages"}],"about":[{"href":"https:\/\/ecscj.com\/fr\/wp-json\/wp\/v2\/types\/page"}],"author":[{"embeddable":true,"href":"https:\/\/ecscj.com\/fr\/wp-json\/wp\/v2\/users\/1"}],"replies":[{"embeddable":true,"href":"https:\/\/ecscj.com\/fr\/wp-json\/wp\/v2\/comments?post=30"}],"version-history":[{"count":3,"href":"https:\/\/ecscj.com\/fr\/wp-json\/wp\/v2\/pages\/30\/revisions"}],"predecessor-version":[{"id":196,"href":"https:\/\/ecscj.com\/fr\/wp-json\/wp\/v2\/pages\/30\/revisions\/196"}],"wp:attachment":[{"href":"https:\/\/ecscj.com\/fr\/wp-json\/wp\/v2\/media?parent=30"}],"curies":[{"name":"wp","href":"https:\/\/api.w.org\/{rel}","templated":true}]}}