{"id":71,"date":"2024-06-19T07:05:38","date_gmt":"2024-06-19T07:05:38","guid":{"rendered":"https:\/\/ecscj.com\/?page_id=71"},"modified":"2024-12-06T14:23:56","modified_gmt":"2024-12-06T14:23:56","slug":"notre-ecole","status":"publish","type":"page","link":"https:\/\/ecscj.com\/fr\/","title":{"rendered":"Notre Ecole"},"content":{"rendered":"<div data-vc-full-width=\"true\" data-vc-full-width-init=\"false\" class=\"vc_row wpb_row vc_row-fluid vc_custom_1725393284665 vc_rtl-columns-reverse vc_row-o-equal-height vc_row-o-content-middle vc_row-flex\"><div class=\"wpb_column vc_column_container vc_col-sm-12\"><div class=\"vc_column-inner\"><div class=\"wpb_wrapper\">\n\t<div class=\"wpb_text_column wpb_content_element\" >\n\t\t<div class=\"wpb_wrapper\">\n\t\t\t\n\t\t<!-- MasterSlider -->\n\t\t<div id=\"P_MS6a04611bb118f\" class=\"master-slider-parent msl ms-parent-id-1\" style=\"\">\n\n\t\t\t\n\t\t\t<!-- MasterSlider Main -->\n\t\t\t<div id=\"MS6a04611bb118f\" class=\"master-slider ms-skin-default\" >\n\t\t\t\t \t\t\t\t \n\t\t\t\t<div  class=\"ms-slide\" data-delay=\"1.2\" data-fill-mode=\"fill\"  >\n\t\t\t\t\t<img decoding=\"async\" src=\"https:\/\/ecscj.com\/wp-content\/plugins\/master-slider\/public\/assets\/css\/blank.gif\" alt=\"\" title=\"\" data-src=\"https:\/\/ecscj.com\/wp-content\/uploads\/2024\/06\/1.jpg\" \/>\n\n\n\t<div class=\"ms-thumb\" ><div class=\"ms-tab-context\"><div class=\"&quot;ms-tab-context&quot;\"><\/div><\/div>\n<\/div>\n\t\t\t\t<\/div>\n\t\t\t\t<div  class=\"ms-slide\" data-delay=\"3\" data-fill-mode=\"fill\"  >\n\t\t\t\t\t<img decoding=\"async\" src=\"https:\/\/ecscj.com\/wp-content\/plugins\/master-slider\/public\/assets\/css\/blank.gif\" alt=\"\" title=\"\" data-src=\"https:\/\/ecscj.com\/wp-content\/uploads\/2024\/06\/3.jpg\" \/>\n\n\n\t<div class=\"ms-thumb\" ><div class=\"ms-tab-context\"><div class=\"&quot;ms-tab-context&quot;\"><\/div><\/div>\n<\/div>\n\t\t\t\t<\/div>\n\n\t\t\t<\/div>\n\t\t\t<!-- END MasterSlider Main -->\n\n\t\t\t \n\t\t<\/div>\n\t\t<!-- END MasterSlider -->\n\n\t\t<script>\n\t\t(function ( $ ) {\n\t\t\t\"use strict\";\n\n\t\t\t$(function () {\n\t\t\t\tvar masterslider_118f = new MasterSlider();\n\n\t\t\t\t\/\/ slider controls\n\t\t\t\tmasterslider_118f.control('arrows'     ,{ autohide:true, overVideo:true  });\n\t\t\t\t\/\/ slider setup\n\t\t\t\tmasterslider_118f.setup(\"MS6a04611bb118f\", {\n\t\t\t\t\t\twidth           : 1000,\n\t\t\t\t\t\theight          : 700,\n\t\t\t\t\t\tminHeight       : 0,\n\t\t\t\t\t\tspace           : 0,\n\t\t\t\t\t\tstart           : 1,\n\t\t\t\t\t\tgrabCursor      : true,\n\t\t\t\t\t\tswipe           : true,\n\t\t\t\t\t\tmouse           : true,\n\t\t\t\t\t\tlayout          : \"fullwidth\",\n\t\t\t\t\t\twheel           : false,\n\t\t\t\t\t\tautoplay        : true,\n\t\t\t\t\t\tinstantStartLayers:false,\n\t\t\t\t\t\tloop            : true,\n\t\t\t\t\t\tshuffle         : false,\n\t\t\t\t\t\tpreload         : 0,\n\t\t\t\t\t\theightLimit     : true,\n\t\t\t\t\t\tautoHeight      : true,\n\t\t\t\t\t\tsmoothHeight    : true,\n\t\t\t\t\t\tendPause        : false,\n\t\t\t\t\t\toverPause       : true,\n\t\t\t\t\t\tfillMode        : \"fill\",\n\t\t\t\t\t\tcenterControls  : true,\n\t\t\t\t\t\tstartOnAppear   : false,\n\t\t\t\t\t\tlayersMode      : \"center\",\n\t\t\t\t\t\thideLayers      : false,\n\t\t\t\t\t\tfullscreenMargin: 0,\n\t\t\t\t\t\tspeed           : 20,\n\t\t\t\t\t\tdir             : \"h\",\n\t\t\t\t\t\tparallaxMode    : 'swipe',\n\t\t\t\t\t\tview            : \"fade\"\n\t\t\t\t});\n\n\t\t\t\t\n\t\t\t\twindow.masterslider_instances = window.masterslider_instances || [];\n\t\t\t\twindow.masterslider_instances.push( masterslider_118f );\n\t\t\t });\n\n\t\t})(jQuery);\n\t\t<\/script>\n\n\n\n\t\t<\/div>\n\t<\/div>\n<\/div><\/div><\/div><\/div><div class=\"vc_row-full-width vc_clearfix\"><\/div><div class=\"vc_row wpb_row vc_row-fluid vc_custom_1725392475826\"><div class=\"wpb_column vc_column_container vc_col-sm-12\"><div class=\"vc_column-inner\"><div class=\"wpb_wrapper\">\n<div class=\"stm-cta\">\n\t<div class=\"stm-cta__content\">\n\n\t\t\t\t\t<div class=\"stm-cta__image\"><img loading=\"lazy\" decoding=\"async\" class=\"\" src=\"https:\/\/ecscj.com\/wp-content\/uploads\/2024\/06\/3-380x196.jpg\" width=\"380\" height=\"196\" alt=\"3\" title=\"3\" \/><\/div>\n\t\t\n\t\t<div class=\"stm-cta__action\">\n\t\t\t<h2 class=\"stm-cta__action-title\" >Ecole Saint Charbel Jieh<\/h2>\n\t\t\t<div class=\"stm-cta__action-body\">\n\t\t\t\t<div class=\"stm-cta__action-descr\" ><\/div>\n\t\t\t\t\n\t\t\t\t\n\t\t\t\t\t\t<div class=\"stm-cta__action-btn\">\n\n\t\t\t\t\t\t\n\t\t\t\t\t\t<a href=\"https:\/\/ecscj.com\/fr\/lettre-du-directeur\/\" target=\"_blank\" class=\"stm-btn stm-btn_outline stm-btn_white stm-btn_md stm-btn_icon-right stm-btn_color_white\">Read More<i class=\"stm-icon stm-icon-arrow-right\"><\/i><\/a>\n\n\t\t\t\t\t<\/div>\n\n\t\t\t\t\n\t\t\t<\/div>\n\t\t<\/div>\n\n\t\t\n\t<\/div>\n<\/div><\/div><\/div><\/div><\/div><div class=\"vc_row wpb_row vc_row-fluid vc_custom_1718785070570\"><div class=\"wpb_column vc_column_container vc_col-sm-8\"><div class=\"vc_column-inner\"><div class=\"wpb_wrapper\"><h1 class=\"stm-title stm-font_color_dark-blue stm-title_sep_bottom\" style=\"text-align:left\">\n\nDiscover our School\n<\/h1>\n\t<div class=\"stm-separator stm-clearfix stm-separator_type_title\" >\n\t\t<div class=\"stm-separator__line stm-border-b_color_dark-blue\" ><\/div>\n\t<\/div>\n\n\t<div class=\"wpb_text_column wpb_content_element\" >\n\t\t<div class=\"wpb_wrapper\">\n\t\t\t<p>Pr\u00e9senter notre \u00e9tablissement scolaire notre cher (ajouter le nom de l\u2019\u00e9cole), c\u2019est ouvrir un flash-back qui rappelle tout ce que cet \u00e9tablissement repr\u00e9sente en tant qu\u2019institution p\u00e9dagogique, fili\u00e8re d\u2019une c\u00e9l\u00e8bre communaut\u00e9 reconnue dans tout le Liban, et qui est L\u2019OML. L\u2019ordre des Moines Libanais, avec ses multiples \u00e9coles r\u00e9parties sur l\u2019ensemble du territoire libanais, qui a su partout o\u00f9 il a investi, cr\u00e9er la meilleure des ambiances pour la meilleure des \u00e9ducations, tant culturelle, que p\u00e9dagogique et surtout morale.<\/p>\n\n\t\t<\/div>\n\t<\/div>\n\n\t<div class=\"stm-btn-container stm-btn-container_left\" >\n\t\t\t\t\t<a href=\"https:\/\/ecscj.com\/fr\/lettre-du-directeur\/\" target=\"_self\" class=\"stm-btn stm-btn_outline stm-btn_blue stm-btn_md\"  >About Us<\/a>\n\t\t\t<\/div>\n<\/div><\/div><\/div><div class=\"wpb_column vc_column_container vc_col-sm-4\"><div class=\"vc_column-inner\"><div class=\"wpb_wrapper\">\n\t<div  class=\"wpb_single_image wpb_content_element vc_align_center\">\n\t\t\n\t\t<figure class=\"wpb_wrapper vc_figure\">\n\t\t\t<div class=\"vc_single_image-wrapper vc_box_shadow_3d  vc_box_border_grey\"><img loading=\"lazy\" decoding=\"async\" width=\"500\" height=\"500\" src=\"https:\/\/ecscj.com\/wp-content\/uploads\/2024\/06\/img1.jpg\" class=\"vc_single_image-img attachment-full\" alt=\"\" srcset=\"https:\/\/ecscj.com\/wp-content\/uploads\/2024\/06\/img1.jpg 500w, https:\/\/ecscj.com\/wp-content\/uploads\/2024\/06\/img1-300x300.jpg 300w, https:\/\/ecscj.com\/wp-content\/uploads\/2024\/06\/img1-150x150.jpg 150w\" sizes=\"auto, (max-width: 500px) 100vw, 500px\" \/><\/div>\n\t\t<\/figure>\n\t<\/div>\n<\/div><\/div><\/div><\/div><div class=\"vc_row wpb_row vc_row-fluid vc_custom_1719242549842 vc_row-has-fill\"><div class=\"wpb_column vc_column_container vc_col-sm-8\"><div class=\"vc_column-inner\"><div class=\"wpb_wrapper\">\n\t<div class=\"wpb_text_column wpb_content_element  vc_custom_1719242652801\" >\n\t\t<div class=\"wpb_wrapper\">\n\t\t\t<h1><strong><span style=\"color: #ffffff;\">Apply for Admission<\/span><\/strong><\/h1>\n\n\t\t<\/div>\n\t<\/div>\n\n\t<div class=\"wpb_text_column wpb_content_element  vc_custom_1719242689660\" >\n\t\t<div class=\"wpb_wrapper\">\n\t\t\t<p><span style=\"color: #ffffff;\">Des ann\u00e9es de labeur et de pers\u00e9v\u00e9rance, de dons et de ferveur ont constitu\u00e9 la renomm\u00e9e de notre \u00e9tablissement scolaire, qui fi\u00e8rement d\u00e9tient, par sa renomm\u00e9e p\u00e9dagogique et son emplacement g\u00e9ographique une place privil\u00e9gi\u00e9e dans la r\u00e9gion.<\/span><\/p>\n\n\t\t<\/div>\n\t<\/div>\n<\/div><\/div><\/div><div class=\"wpb_column vc_column_container vc_col-sm-4\"><div class=\"vc_column-inner\"><div class=\"wpb_wrapper\"><\/div><\/div><\/div><\/div><div class=\"vc_row wpb_row vc_row-fluid vc_custom_1718785070570\"><div class=\"wpb_column vc_column_container vc_col-sm-8\"><div class=\"vc_column-inner\"><div class=\"wpb_wrapper\">\n\t<div class=\"wpb_video_widget wpb_content_element vc_clearfix   vc_video-aspect-ratio-169 vc_video-el-width-100 vc_video-align-left\" >\n\t\t<div class=\"wpb_wrapper\">\n\t\t\t\n\t\t\t<div class=\"wpb_video_wrapper\"><iframe loading=\"lazy\" title=\"Lebanese Maronite Order Short Documentary  \u0648\u062b\u0627\u0626\u0642\u064a \u0639\u0646 \u0627\u0644\u0631\u0647\u0628\u0627\u0646\u064a\u0651\u0629 \u0627\u0644\u0644\u0628\u0646\u0627\u0646\u064a\u0651\u0629 \u0627\u0644\u0645\u0627\u0631\u0648\u0646\u064a\u0651\u0629\" width=\"1110\" height=\"624\" src=\"https:\/\/www.youtube.com\/embed\/xPfKT7MohNU?feature=oembed\" frameborder=\"0\" allow=\"accelerometer; autoplay; clipboard-write; encrypted-media; gyroscope; picture-in-picture; web-share\" referrerpolicy=\"strict-origin-when-cross-origin\" allowfullscreen><\/iframe><\/div>\n\t\t<\/div>\n\t<\/div>\n<\/div><\/div><\/div><div class=\"wpb_column vc_column_container vc_col-sm-4\"><div class=\"vc_column-inner\"><div class=\"wpb_wrapper\"><h1 class=\"stm-title stm-font_color_dark-blue stm-title_sep_bottom\" style=\"text-align:left\">\n\nCommunity\n<\/h1>\n\t<div class=\"stm-separator stm-clearfix stm-separator_type_title\" >\n\t\t<div class=\"stm-separator__line stm-border-b_color_dark-blue\" ><\/div>\n\t<\/div>\n\n\t<div class=\"wpb_text_column wpb_content_element\" >\n\t\t<div class=\"wpb_wrapper\">\n\t\t\t<p>A documentary film about the Lebanese Maronite Order &#8211; to watch, click on the button below<\/p>\n\n\t\t<\/div>\n\t<\/div>\n<div class=\"vc_btn3-container vc_btn3-center\" ><a class=\"vc_general vc_btn3 vc_btn3-size-md vc_btn3-shape-round vc_btn3-style-3d vc_btn3-color-primary\" href=\"https:\/\/youtu.be\/xPfKT7MohNU?si=LvYknXvVo9KUUo9X\" title=\"Documentary\" target=\"_blank\">Documentary 2021<\/a><\/div><\/div><\/div><\/div><\/div><div class=\"vc_row wpb_row vc_row-fluid vc_custom_1718785070570\"><div class=\"wpb_column vc_column_container vc_col-sm-12\"><div class=\"vc_column-inner\"><div class=\"wpb_wrapper\"><h1 class=\"stm-title stm-font_color_dark-blue stm-title_sep_bottom\" style=\"text-align:left\">\n\nPopular News\n<\/h1>\n\t<div class=\"stm-separator stm-clearfix stm-separator_type_title\" >\n\t\t<div class=\"stm-separator__line stm-border-b_color_dark-blue\" ><\/div>\n\t<\/div>\n\n    <div class=\"stm-posts\">\n                    <div class=\"stm-carousel stm-carousel_view_posts\" id=\"stm-posts_carousel-6a04611bb41e9\">\n                                    <div class=\"stm-post stm-post_view_grid\">\n                                                    <div class=\"stm-post__thumbnail\">\n                                <a href=\"https:\/\/ecscj.com\/fr\/2024\/07\/15\/test-post\/\"><img decoding=\"async\" src=\"https:\/\/ecscj.com\/wp-content\/themes\/smarty\/assets\/img\/tmp\/placeholder.jpg\" alt=\"Placeholder\"><\/a>\n                            <\/div>\n                        \n                        <div class=\"stm-post__caption-container\">\n                            <div class=\"stm-post__caption\">\n                                <h5 class=\"stm-post__title\"><a href=\"https:\/\/ecscj.com\/fr\/2024\/07\/15\/test-post\/\">NEW POST<\/a><\/h5>\n                                <time datetime=\"2024-07-15T15:26\" class=\"stm-post__date\"><i class=\"fab fa-clock-o\"><\/i><a href=\"https:\/\/ecscj.com\/fr\/2024\/07\/15\/test-post\/\">juillet 15, 2024<\/a><\/time>\n                            <\/div>\n                        <\/div>\n                    <\/div><!-- STM Post - Grid -->\n                                    <div class=\"stm-post stm-post_view_grid\">\n                                                    <div class=\"stm-post__thumbnail\">\n                                <a href=\"https:\/\/ecscj.com\/fr\/2024\/06\/13\/hello-world\/\"><img decoding=\"async\" src=\"https:\/\/ecscj.com\/wp-content\/themes\/smarty\/assets\/img\/tmp\/placeholder.jpg\" alt=\"Placeholder\"><\/a>\n                            <\/div>\n                        \n                        <div class=\"stm-post__caption-container\">\n                            <div class=\"stm-post__caption\">\n                                <h5 class=\"stm-post__title\"><a href=\"https:\/\/ecscj.com\/fr\/2024\/06\/13\/hello-world\/\">Hello world!<\/a><\/h5>\n                                <time datetime=\"2024-06-13T07:54\" class=\"stm-post__date\"><i class=\"fab fa-clock-o\"><\/i><a href=\"https:\/\/ecscj.com\/fr\/2024\/06\/13\/hello-world\/\">juin 13, 2024<\/a><\/time>\n                            <\/div>\n                        <\/div>\n                    <\/div><!-- STM Post - Grid -->\n                                            <\/div><!-- STM Carousel -->\n            <\/div><!-- STM Posts -->\n\n            <script>\n            (function($) {\n                \"use strict\";\n\n                $(document).ready(function() {\n                    var carouselId = 'stm-posts_carousel-6a04611bb41e9';\n                    var $carousel = $('#'+carouselId);\n\n                    $('#'+carouselId).owlCarousel({\n                        loop   : false,\n                        margin : 30,\n                        nav    : false,\n                        lazyLoad:true,\n                        responsive:{\n                            0 : {\n                                items : 1\n                            },\n                            640 : {\n                                items : 2\n                            },\n                            992 : {\n                                items : 3\n                            }\n                        }\n                    });\n\n                    $('.vc_tta-tab').click(function(){\n                        setTimeout(function(){\n                            $carousel.trigger('destroy.owl.carousel');\n                            $carousel.html($carousel.find('.owl-stage-outer').html()).removeClass('owl-loaded');\n\n                            $('#'+carouselId).owlCarousel({\n                                loop   : false,\n                                margin : 30,\n                                nav    : false,\n                                lazyLoad:true,\n                                responsive:{\n                                    0 : {\n                                        items : 1\n                                    },\n                                    640 : {\n                                        items : 2\n                                    },\n                                    992 : {\n                                        items : 3\n                                    }\n                                }\n                            });\n                        }, 10);\n                    });\n\n                });\n\n            })(jQuery);\n        <\/script>\n    \n<\/div><\/div><\/div><\/div>","protected":false},"excerpt":{"rendered":"Welcome to WordPress. This is your first post. Edit or delete it, then start writing!","protected":false},"author":1,"featured_media":0,"parent":0,"menu_order":0,"comment_status":"closed","ping_status":"closed","template":"","meta":{"footnotes":""},"class_list":["post-71","page","type-page","status-publish","hentry"],"_links":{"self":[{"href":"https:\/\/ecscj.com\/fr\/wp-json\/wp\/v2\/pages\/71","targetHints":{"allow":["GET"]}}],"collection":[{"href":"https:\/\/ecscj.com\/fr\/wp-json\/wp\/v2\/pages"}],"about":[{"href":"https:\/\/ecscj.com\/fr\/wp-json\/wp\/v2\/types\/page"}],"author":[{"embeddable":true,"href":"https:\/\/ecscj.com\/fr\/wp-json\/wp\/v2\/users\/1"}],"replies":[{"embeddable":true,"href":"https:\/\/ecscj.com\/fr\/wp-json\/wp\/v2\/comments?post=71"}],"version-history":[{"count":30,"href":"https:\/\/ecscj.com\/fr\/wp-json\/wp\/v2\/pages\/71\/revisions"}],"predecessor-version":[{"id":610,"href":"https:\/\/ecscj.com\/fr\/wp-json\/wp\/v2\/pages\/71\/revisions\/610"}],"wp:attachment":[{"href":"https:\/\/ecscj.com\/fr\/wp-json\/wp\/v2\/media?parent=71"}],"curies":[{"name":"wp","href":"https:\/\/api.w.org\/{rel}","templated":true}]}}