{"id":9,"date":"2024-06-19T06:50:00","date_gmt":"2024-06-19T06:50:00","guid":{"rendered":"https:\/\/ecscj.com\/?page_id=9"},"modified":"2025-10-28T06:38:31","modified_gmt":"2025-10-28T06:38:31","slug":"lettre-du-directeur","status":"publish","type":"page","link":"https:\/\/ecscj.com\/fr\/lettre-du-directeur\/","title":{"rendered":"Lettre du directeur"},"content":{"rendered":"<div class=\"vc_row wpb_row vc_row-fluid\"><div class=\"wpb_column vc_column_container vc_col-sm-3\"><div class=\"vc_column-inner\"><div class=\"wpb_wrapper\">\n\t<div  class=\"wpb_single_image wpb_content_element vc_align_left\">\n\t\t\n\t\t<figure class=\"wpb_wrapper vc_figure\">\n\t\t\t<div class=\"vc_single_image-wrapper vc_box_border_circle  vc_box_border_grey\"><img loading=\"lazy\" decoding=\"async\" width=\"480\" height=\"380\" src=\"https:\/\/ecscj.com\/wp-content\/uploads\/2024\/06\/2542116-480x380-1.jpg\" class=\"vc_single_image-img attachment-full\" alt=\"\" srcset=\"https:\/\/ecscj.com\/wp-content\/uploads\/2024\/06\/2542116-480x380-1.jpg 480w, https:\/\/ecscj.com\/wp-content\/uploads\/2024\/06\/2542116-480x380-1-300x238.jpg 300w\" sizes=\"auto, (max-width: 480px) 100vw, 480px\" \/><\/div>\n\t\t<\/figure>\n\t<\/div>\n<\/div><\/div><\/div><div class=\"wpb_column vc_column_container vc_col-sm-9\"><div class=\"vc_column-inner\"><div class=\"wpb_wrapper\">\n<div class=\"stm-blockquote\">\n\t<p>Pr\u00e9senter notre \u00e9tablissement scolaire notre cher (ajouter le nom de l\u2019\u00e9cole), c\u2019est ouvrir un flash-back qui rappelle tout ce que cet \u00e9tablissement repr\u00e9sente en tant qu\u2019institution p\u00e9dagogique, fili\u00e8re d\u2019une c\u00e9l\u00e8bre communaut\u00e9 reconnue dans tout le Liban, et qui est L\u2019OML. L\u2019ordre des Moines Libanais, avec ses multiples \u00e9coles r\u00e9parties sur l\u2019ensemble du territoire libanais, qui a su partout o\u00f9 il a investi, cr\u00e9er la meilleure des ambiances pour la meilleure des \u00e9ducations, tant culturelle, que p\u00e9dagogique et surtout morale.<\/p>\n<p>Des ann\u00e9es de labeur et de pers\u00e9v\u00e9rance, de dons et de ferveur ont constitu\u00e9 la renomm\u00e9e de notre \u00e9tablissement scolaire, qui fi\u00e8rement d\u00e9tient, par sa renomm\u00e9e p\u00e9dagogique et son emplacement g\u00e9ographique une place privil\u00e9gi\u00e9e dans la r\u00e9gion.<\/p>\n<p>Notre Ecole, a toujours \u00e9t\u00e9 un havre de paix, un lieu de coexistence exemplaire, qui a accueilli sans distinction et avec amour, des \u00e9l\u00e8ves de diff\u00e9rentes religions, et a su cr\u00e9er en son enceinte une ambiance familiale, remarquable qui cible L\u2019\u00eatre : l\u2019\u00e9l\u00e8ve ainsi que l\u2019homme qu\u2019il doit devenir. Un lieu qui pr\u00e9pare nos jeunes \u00e0 devenir des citoyens universels, agents de paix dans et de coexistence respectueuse des croyances de chacun.<\/p>\n<p>L\u2019identit\u00e9 de notre (\u00e9tablissement) \u00e9merge des valeurs morales solides qui sont \u00e0 la base de notre mission chr\u00e9tienne dans toutes les \u00e9coles de la communaut\u00e9 des Moines Libanais, comme on l\u2019a dit. Cette identit\u00e9 distingue nos professeurs, nos \u00e9l\u00e8ves et toute personne qui travaille avec nous. Elle ancre en eux apr\u00e8s la foi et l\u2019honneur, le sentiment de l\u2019appartenance patriotique, le respect des autres, la fid\u00e9lit\u00e9, autant que les principes culturels les plus \u00e9lev\u00e9s.<\/p>\n<p>Nous envisageons un avenir prosp\u00e8re et les projets que nous souhaitons r\u00e9aliser sont nombreux, car nous ambitionnons faire de notre (\u00e9tablissement) un \u00e9tablissement des plus prestigieux, le point de mire de toutes les \u00e9coles environnantes.<\/p>\n<p>Notre \u00e9cole devrait devenir un mini-empire. De nouveaux b\u00e2timents vont \u00eatre construits, surtout pour le pr\u00e9scolaire, ainsi qu\u2019une cit\u00e9 sportive qui valoriserait toutes les activit\u00e9s sportives et cr\u00e9erait des comp\u00e9titions multiples, capables de dynamiser l\u2019esprit comp\u00e9titif.<\/p>\n<p>Nos ambitions sont grandes, nos r\u00eaves aussi, notre objectif est toujours le m\u00eame : aller toujours de l\u2019avant, valoriser les valeurs morales et la culture, et continuer dans le m\u00eame esprit des pr\u00e9d\u00e9cesseurs qui ont veill\u00e9 \u00e0 implanter profond\u00e9ment des savoirs solides polyvalents et \u00eatre des pionniers dans le domaine de l\u2019innovation et de la culture.<\/p>\n<p>Nos collaborateurs sont qualifi\u00e9s, notre m\u00e9thodologie de travail adopte les meilleurs des concepts p\u00e9dagogiques et reste innovante et en permanent d\u00e9veloppement, veillant \u00e0 rester dans l\u2019actualit\u00e9 des nouveaut\u00e9s capables d\u2019am\u00e9liorer le rendement de l\u2019\u00e9l\u00e8ve et ses r\u00e9sultats surtout dans les examens officiels.<\/p>\n<p>Nous entamons une \u00e8re nouvelle qui, nous le souhaitons, sera pleine de promesses et fructueuse pour tout le monde.<\/p>\n<p>Puisse Dieu nous aider \u00e0 r\u00e9aliser nos projets et \u00e0 \u00eatre \u00e0 la hauteur de toute la confiance que vous nous accordez, pour le bien-\u00eatre de nos \u00e9l\u00e8ves et de tous ceux qui \u0153uvrent avec nous.<\/p>\n\t\t\t<footer >\n\t\t\t<cite>Le P\u00e8re Sup\u00e9rieur Charbel Azzi <\/cite>\n\t\t<\/footer>\n\t<\/div>\n<\/div><\/div><\/div><\/div>\n<p>&nbsp;<\/p>","protected":false},"excerpt":{"rendered":"<p>&nbsp;<\/p>","protected":false},"author":1,"featured_media":0,"parent":0,"menu_order":0,"comment_status":"closed","ping_status":"closed","template":"","meta":{"footnotes":""},"class_list":["post-9","page","type-page","status-publish","hentry"],"_links":{"self":[{"href":"https:\/\/ecscj.com\/fr\/wp-json\/wp\/v2\/pages\/9","targetHints":{"allow":["GET"]}}],"collection":[{"href":"https:\/\/ecscj.com\/fr\/wp-json\/wp\/v2\/pages"}],"about":[{"href":"https:\/\/ecscj.com\/fr\/wp-json\/wp\/v2\/types\/page"}],"author":[{"embeddable":true,"href":"https:\/\/ecscj.com\/fr\/wp-json\/wp\/v2\/users\/1"}],"replies":[{"embeddable":true,"href":"https:\/\/ecscj.com\/fr\/wp-json\/wp\/v2\/comments?post=9"}],"version-history":[{"count":5,"href":"https:\/\/ecscj.com\/fr\/wp-json\/wp\/v2\/pages\/9\/revisions"}],"predecessor-version":[{"id":615,"href":"https:\/\/ecscj.com\/fr\/wp-json\/wp\/v2\/pages\/9\/revisions\/615"}],"wp:attachment":[{"href":"https:\/\/ecscj.com\/fr\/wp-json\/wp\/v2\/media?parent=9"}],"curies":[{"name":"wp","href":"https:\/\/api.w.org\/{rel}","templated":true}]}}